{"id":290,"date":"2023-08-11T20:25:33","date_gmt":"2023-08-12T00:25:33","guid":{"rendered":"https:\/\/lecondudragon.com\/?post_type=product&#038;p=290"},"modified":"2025-02-08T09:44:26","modified_gmt":"2025-02-08T14:44:26","slug":"trousse-educatives-complete-numerique","status":"publish","type":"product","link":"https:\/\/lecondudragon.com\/?product=trousse-educatives-complete-numerique","title":{"rendered":"Trousse \u00e9ducatives compl\u00e8te num\u00e9rique"},"content":{"rendered":"<p>La trousse \u00e9ducative sur la s\u00e9curit\u00e9 aquatique est enti\u00e8rement num\u00e9rique. Elle inclue: 3 court m\u00e9trage:<br \/>\n1) sur la s\u00e9curit\u00e9 en bateau<br \/>\n2) sur la s\u00e9curit\u00e9 lors de baignade<\/p>\n<hr \/>\n<p>Un livre activit\u00e9s, intitul\u00e9 livre d&rsquo;activit\u00e9 pour marin d&rsquo;eau douce, de 76 pages num\u00e9rique (pour les enfants de 2 \u00e2 12 ans) ayant pour th\u00e8me l&rsquo;eau :<br \/>\n1) la s\u00e9curit\u00e9 sur un bateau<br \/>\n2) la s\u00e9curit\u00e9 lors de baignade<br \/>\n3) s\u00e9curit\u00e9 pr\u00e8s du courant<br \/>\n4) l&rsquo;utilit\u00e9 de l&rsquo;eau<br \/>\n5) le cycle de l&rsquo;eau&#8230;<\/p>\n<hr \/>\n<p>Un livre d&rsquo;histoire de 36 page num\u00e9rique, se divisant en trois histoires:<br \/>\n1) le ballon: histoire pour conscientiser les enfants \u00e0 avoir un adulte pr\u00e8s d&rsquo;eux lors qu&rsquo;il s&rsquo;approche d&rsquo;une source d&rsquo;eau.<br \/>\n2) La chasse au tr\u00e9sor: sur la baignage loin de la maison au lac par exemple.<br \/>\n3) la baignage a la piscine: sur les r\u00e8gles lors de baignade.<\/p>\n","protected":false},"excerpt":{"rendered":"<p>La trousse \u00e9ducative sur la s\u00e9curit\u00e9 aquatique est enti\u00e8rement num\u00e9rique. Elle inclue: 3 court m\u00e9trage: 1) sur la s\u00e9curit\u00e9 en bateau 2) sur la s\u00e9curit\u00e9 lors de baignade Un livre activit\u00e9s, intitul\u00e9 livre d&rsquo;activit\u00e9 pour marin d&rsquo;eau douce, de 76 pages num\u00e9rique (pour les enfants de 2 \u00e2 12 ans) ayant pour th\u00e8me l&rsquo;eau : [&hellip;]<\/p>\n","protected":false},"featured_media":317,"comment_status":"open","ping_status":"closed","template":"","meta":{"_et_pb_use_builder":"","_et_pb_old_content":"","_et_gb_content_width":"","_monsterinsights_skip_tracking":false,"_monsterinsights_sitenote_active":false,"_monsterinsights_sitenote_note":"","_monsterinsights_sitenote_category":0},"product_brand":[],"product_cat":[22],"product_tag":[],"class_list":{"0":"post-290","1":"product","2":"type-product","3":"status-publish","4":"has-post-thumbnail","6":"product_cat-version-numerique","8":"first","9":"instock","10":"sale","11":"downloadable","12":"virtual","13":"purchasable","14":"product-type-simple"},"yoast_head":"<!-- This site is optimized with the Yoast SEO plugin v27.1.1 - https:\/\/yoast.com\/product\/yoast-seo-wordpress\/ -->\n<title>Trousse \u00e9ducatives compl\u00e8te num\u00e9rique - Editions La Le\u00e7on Du Dragon<\/title>\n<meta name=\"description\" content=\"La trousse \u00e9ducative sur la s\u00e9curit\u00e9 aquatique\" \/>\n<meta name=\"robots\" content=\"index, follow, max-snippet:-1, max-image-preview:large, max-video-preview:-1\" \/>\n<link rel=\"canonical\" href=\"https:\/\/lecondudragon.com\/?product=trousse-educatives-complete-numerique\" \/>\n<meta property=\"og:locale\" content=\"fr_FR\" \/>\n<meta property=\"og:type\" content=\"article\" \/>\n<meta property=\"og:title\" content=\"Trousse \u00e9ducatives compl\u00e8te num\u00e9rique - Editions La Le\u00e7on Du Dragon\" \/>\n<meta property=\"og:description\" content=\"La trousse \u00e9ducative sur la s\u00e9curit\u00e9 aquatique\" \/>\n<meta property=\"og:url\" content=\"https:\/\/lecondudragon.com\/?product=trousse-educatives-complete-numerique\" \/>\n<meta property=\"og:site_name\" content=\"Editions La Le\u00e7on Du Dragon\" \/>\n<meta property=\"article:modified_time\" content=\"2025-02-08T14:44:26+00:00\" \/>\n<meta property=\"og:image\" content=\"https:\/\/lecondudragon.com\/wp-content\/uploads\/2023\/08\/enssemble-educatif-entierement-numerique.jpg\" \/>\n\t<meta property=\"og:image:width\" content=\"800\" \/>\n\t<meta property=\"og:image:height\" content=\"600\" \/>\n\t<meta property=\"og:image:type\" content=\"image\/jpeg\" \/>\n<meta name=\"twitter:card\" content=\"summary_large_image\" \/>\n<meta name=\"twitter:label1\" content=\"Dur\u00e9e de lecture estim\u00e9e\" \/>\n\t<meta name=\"twitter:data1\" content=\"1 minute\" \/>\n<script type=\"application\/ld+json\" class=\"yoast-schema-graph\">{\"@context\":\"https:\/\/schema.org\",\"@graph\":[{\"@type\":\"WebPage\",\"@id\":\"https:\/\/lecondudragon.com\/?product=trousse-educatives-complete-numerique\",\"url\":\"https:\/\/lecondudragon.com\/?product=trousse-educatives-complete-numerique\",\"name\":\"Trousse \u00e9ducatives compl\u00e8te num\u00e9rique - Editions La Le\u00e7on Du Dragon\",\"isPartOf\":{\"@id\":\"https:\/\/lecondudragon.com\/#website\"},\"primaryImageOfPage\":{\"@id\":\"https:\/\/lecondudragon.com\/?product=trousse-educatives-complete-numerique#primaryimage\"},\"image\":{\"@id\":\"https:\/\/lecondudragon.com\/?product=trousse-educatives-complete-numerique#primaryimage\"},\"thumbnailUrl\":\"https:\/\/lecondudragon.com\/wp-content\/uploads\/2023\/08\/enssemble-educatif-entierement-numerique.jpg\",\"datePublished\":\"2023-08-12T00:25:33+00:00\",\"dateModified\":\"2025-02-08T14:44:26+00:00\",\"description\":\"La trousse \u00e9ducative sur la s\u00e9curit\u00e9 aquatique\",\"breadcrumb\":{\"@id\":\"https:\/\/lecondudragon.com\/?product=trousse-educatives-complete-numerique#breadcrumb\"},\"inLanguage\":\"fr-FR\",\"potentialAction\":[{\"@type\":\"ReadAction\",\"target\":[\"https:\/\/lecondudragon.com\/?product=trousse-educatives-complete-numerique\"]}]},{\"@type\":\"ImageObject\",\"inLanguage\":\"fr-FR\",\"@id\":\"https:\/\/lecondudragon.com\/?product=trousse-educatives-complete-numerique#primaryimage\",\"url\":\"https:\/\/lecondudragon.com\/wp-content\/uploads\/2023\/08\/enssemble-educatif-entierement-numerique.jpg\",\"contentUrl\":\"https:\/\/lecondudragon.com\/wp-content\/uploads\/2023\/08\/enssemble-educatif-entierement-numerique.jpg\",\"width\":800,\"height\":600},{\"@type\":\"BreadcrumbList\",\"@id\":\"https:\/\/lecondudragon.com\/?product=trousse-educatives-complete-numerique#breadcrumb\",\"itemListElement\":[{\"@type\":\"ListItem\",\"position\":1,\"name\":\"Accueil\",\"item\":\"https:\/\/lecondudragon.com\/\"},{\"@type\":\"ListItem\",\"position\":2,\"name\":\"Boutique\",\"item\":\"https:\/\/lecondudragon.com\/?page_id=270\"},{\"@type\":\"ListItem\",\"position\":3,\"name\":\"Trousse \u00e9ducatives compl\u00e8te num\u00e9rique\"}]},{\"@type\":\"WebSite\",\"@id\":\"https:\/\/lecondudragon.com\/#website\",\"url\":\"https:\/\/lecondudragon.com\/\",\"name\":\"Editions La Le\u00e7on Du Dragon\",\"description\":\"Editions La Le\u00e7on Du Dragon\",\"potentialAction\":[{\"@type\":\"SearchAction\",\"target\":{\"@type\":\"EntryPoint\",\"urlTemplate\":\"https:\/\/lecondudragon.com\/?s={search_term_string}\"},\"query-input\":{\"@type\":\"PropertyValueSpecification\",\"valueRequired\":true,\"valueName\":\"search_term_string\"}}],\"inLanguage\":\"fr-FR\"}]}<\/script>\n<!-- \/ Yoast SEO plugin. -->","yoast_head_json":{"title":"Trousse \u00e9ducatives compl\u00e8te num\u00e9rique - Editions La Le\u00e7on Du Dragon","description":"La trousse \u00e9ducative sur la s\u00e9curit\u00e9 aquatique","robots":{"index":"index","follow":"follow","max-snippet":"max-snippet:-1","max-image-preview":"max-image-preview:large","max-video-preview":"max-video-preview:-1"},"canonical":"https:\/\/lecondudragon.com\/?product=trousse-educatives-complete-numerique","og_locale":"fr_FR","og_type":"article","og_title":"Trousse \u00e9ducatives compl\u00e8te num\u00e9rique - Editions La Le\u00e7on Du Dragon","og_description":"La trousse \u00e9ducative sur la s\u00e9curit\u00e9 aquatique","og_url":"https:\/\/lecondudragon.com\/?product=trousse-educatives-complete-numerique","og_site_name":"Editions La Le\u00e7on Du Dragon","article_modified_time":"2025-02-08T14:44:26+00:00","og_image":[{"width":800,"height":600,"url":"https:\/\/lecondudragon.com\/wp-content\/uploads\/2023\/08\/enssemble-educatif-entierement-numerique.jpg","type":"image\/jpeg"}],"twitter_card":"summary_large_image","twitter_misc":{"Dur\u00e9e de lecture estim\u00e9e":"1 minute"},"schema":{"@context":"https:\/\/schema.org","@graph":[{"@type":"WebPage","@id":"https:\/\/lecondudragon.com\/?product=trousse-educatives-complete-numerique","url":"https:\/\/lecondudragon.com\/?product=trousse-educatives-complete-numerique","name":"Trousse \u00e9ducatives compl\u00e8te num\u00e9rique - Editions La Le\u00e7on Du Dragon","isPartOf":{"@id":"https:\/\/lecondudragon.com\/#website"},"primaryImageOfPage":{"@id":"https:\/\/lecondudragon.com\/?product=trousse-educatives-complete-numerique#primaryimage"},"image":{"@id":"https:\/\/lecondudragon.com\/?product=trousse-educatives-complete-numerique#primaryimage"},"thumbnailUrl":"https:\/\/lecondudragon.com\/wp-content\/uploads\/2023\/08\/enssemble-educatif-entierement-numerique.jpg","datePublished":"2023-08-12T00:25:33+00:00","dateModified":"2025-02-08T14:44:26+00:00","description":"La trousse \u00e9ducative sur la s\u00e9curit\u00e9 aquatique","breadcrumb":{"@id":"https:\/\/lecondudragon.com\/?product=trousse-educatives-complete-numerique#breadcrumb"},"inLanguage":"fr-FR","potentialAction":[{"@type":"ReadAction","target":["https:\/\/lecondudragon.com\/?product=trousse-educatives-complete-numerique"]}]},{"@type":"ImageObject","inLanguage":"fr-FR","@id":"https:\/\/lecondudragon.com\/?product=trousse-educatives-complete-numerique#primaryimage","url":"https:\/\/lecondudragon.com\/wp-content\/uploads\/2023\/08\/enssemble-educatif-entierement-numerique.jpg","contentUrl":"https:\/\/lecondudragon.com\/wp-content\/uploads\/2023\/08\/enssemble-educatif-entierement-numerique.jpg","width":800,"height":600},{"@type":"BreadcrumbList","@id":"https:\/\/lecondudragon.com\/?product=trousse-educatives-complete-numerique#breadcrumb","itemListElement":[{"@type":"ListItem","position":1,"name":"Accueil","item":"https:\/\/lecondudragon.com\/"},{"@type":"ListItem","position":2,"name":"Boutique","item":"https:\/\/lecondudragon.com\/?page_id=270"},{"@type":"ListItem","position":3,"name":"Trousse \u00e9ducatives compl\u00e8te num\u00e9rique"}]},{"@type":"WebSite","@id":"https:\/\/lecondudragon.com\/#website","url":"https:\/\/lecondudragon.com\/","name":"Editions La Le\u00e7on Du Dragon","description":"Editions La Le\u00e7on Du Dragon","potentialAction":[{"@type":"SearchAction","target":{"@type":"EntryPoint","urlTemplate":"https:\/\/lecondudragon.com\/?s={search_term_string}"},"query-input":{"@type":"PropertyValueSpecification","valueRequired":true,"valueName":"search_term_string"}}],"inLanguage":"fr-FR"}]}},"_links":{"self":[{"href":"https:\/\/lecondudragon.com\/index.php?rest_route=\/wp\/v2\/product\/290","targetHints":{"allow":["GET"]}}],"collection":[{"href":"https:\/\/lecondudragon.com\/index.php?rest_route=\/wp\/v2\/product"}],"about":[{"href":"https:\/\/lecondudragon.com\/index.php?rest_route=\/wp\/v2\/types\/product"}],"replies":[{"embeddable":true,"href":"https:\/\/lecondudragon.com\/index.php?rest_route=%2Fwp%2Fv2%2Fcomments&post=290"}],"wp:featuredmedia":[{"embeddable":true,"href":"https:\/\/lecondudragon.com\/index.php?rest_route=\/wp\/v2\/media\/317"}],"wp:attachment":[{"href":"https:\/\/lecondudragon.com\/index.php?rest_route=%2Fwp%2Fv2%2Fmedia&parent=290"}],"wp:term":[{"taxonomy":"product_brand","embeddable":true,"href":"https:\/\/lecondudragon.com\/index.php?rest_route=%2Fwp%2Fv2%2Fproduct_brand&post=290"},{"taxonomy":"product_cat","embeddable":true,"href":"https:\/\/lecondudragon.com\/index.php?rest_route=%2Fwp%2Fv2%2Fproduct_cat&post=290"},{"taxonomy":"product_tag","embeddable":true,"href":"https:\/\/lecondudragon.com\/index.php?rest_route=%2Fwp%2Fv2%2Fproduct_tag&post=290"}],"curies":[{"name":"wp","href":"https:\/\/api.w.org\/{rel}","templated":true}]}}