{"id":297,"date":"2023-08-12T18:29:51","date_gmt":"2023-08-12T22:29:51","guid":{"rendered":"https:\/\/lecondudragon.com\/?post_type=product&#038;p=297"},"modified":"2025-02-07T21:13:09","modified_gmt":"2025-02-08T02:13:09","slug":"livre-dactivites-pour-marin-deau-douce-numerique","status":"publish","type":"product","link":"https:\/\/lecondudragon.com\/?product=livre-dactivites-pour-marin-deau-douce-numerique","title":{"rendered":"Livre d&rsquo;activit\u00e9s pour marin d&rsquo;eau douce num\u00e9rique"},"content":{"rendered":"<p>&nbsp;<\/p>\n<p>Livre d&rsquo;activit\u00e9s, intitul\u00e9 livre d&rsquo;activit\u00e9 pour marin d&rsquo;eau douce, de 76 pages num\u00e9rique (pour les enfants de 2 \u00e2 12 ans) ayant pour th\u00e8me l&rsquo;eau :<\/p>\n<p>1) la s\u00e9curit\u00e9 sur un bateau<\/p>\n<p>2) la s\u00e9curit\u00e9 lors de baignade<\/p>\n<p>3) s\u00e9curit\u00e9 pr\u00e8s du courant<\/p>\n<p>4) l&rsquo;utilit\u00e9 de l&rsquo;eau<\/p>\n<p>5) le cycle de l&rsquo;eau&#8230;<\/p>\n<p>(Toutes les activit\u00e9s sont con\u00e7ues avec du mat\u00e9riaux facile \u00e0 trouver et peu dispendieux)<\/p>\n<p>&nbsp;<\/p>\n","protected":false},"excerpt":{"rendered":"<p>&nbsp;<\/p>\n<p>&nbsp;<\/p>\n","protected":false},"featured_media":313,"comment_status":"open","ping_status":"closed","template":"","meta":{"_et_pb_use_builder":"","_et_pb_old_content":"","_et_gb_content_width":"","_monsterinsights_skip_tracking":false,"_monsterinsights_sitenote_active":false,"_monsterinsights_sitenote_note":"","_monsterinsights_sitenote_category":0},"product_brand":[],"product_cat":[22],"product_tag":[],"class_list":{"0":"post-297","1":"product","2":"type-product","3":"status-publish","4":"has-post-thumbnail","6":"product_cat-version-numerique","8":"first","9":"instock","10":"downloadable","11":"virtual","12":"purchasable","13":"product-type-simple"},"yoast_head":"<!-- This site is optimized with the Yoast SEO plugin v27.1.1 - https:\/\/yoast.com\/product\/yoast-seo-wordpress\/ -->\n<title>Livre d&#039;activit\u00e9s pour marin d&#039;eau douce num\u00e9rique - Editions La Le\u00e7on Du Dragon<\/title>\n<meta name=\"description\" content=\"Livre d&#039;activit\u00e9s pour marin d&#039;eau douce est le un livre contenant plus de 50 activit\u00e9s sur la s\u00e9curit\u00e9 aquatique (id\u00e9al pour enfant de 2 \u00e0 12 ans)\" \/>\n<meta name=\"robots\" content=\"index, follow, max-snippet:-1, max-image-preview:large, max-video-preview:-1\" \/>\n<link rel=\"canonical\" href=\"https:\/\/lecondudragon.com\/?product=livre-dactivites-pour-marin-deau-douce-numerique\" \/>\n<meta property=\"og:locale\" content=\"fr_FR\" \/>\n<meta property=\"og:type\" content=\"article\" \/>\n<meta property=\"og:title\" content=\"Livre d&#039;activit\u00e9s pour marin d&#039;eau douce num\u00e9rique - Editions La Le\u00e7on Du Dragon\" \/>\n<meta property=\"og:description\" content=\"Livre d&#039;activit\u00e9s pour marin d&#039;eau douce est le un livre contenant plus de 50 activit\u00e9s sur la s\u00e9curit\u00e9 aquatique (id\u00e9al pour enfant de 2 \u00e0 12 ans)\" \/>\n<meta property=\"og:url\" content=\"https:\/\/lecondudragon.com\/?product=livre-dactivites-pour-marin-deau-douce-numerique\" \/>\n<meta property=\"og:site_name\" content=\"Editions La Le\u00e7on Du Dragon\" \/>\n<meta property=\"article:modified_time\" content=\"2025-02-08T02:13:09+00:00\" \/>\n<meta property=\"og:image\" content=\"https:\/\/lecondudragon.com\/wp-content\/uploads\/2023\/08\/pochette-livre-activite-pour-marin-deau-douce--scaled.jpg\" \/>\n\t<meta property=\"og:image:width\" content=\"1810\" \/>\n\t<meta property=\"og:image:height\" content=\"2560\" \/>\n\t<meta property=\"og:image:type\" content=\"image\/jpeg\" \/>\n<meta name=\"twitter:card\" content=\"summary_large_image\" \/>\n<meta name=\"twitter:label1\" content=\"Dur\u00e9e de lecture estim\u00e9e\" \/>\n\t<meta name=\"twitter:data1\" content=\"1 minute\" \/>\n<script type=\"application\/ld+json\" class=\"yoast-schema-graph\">{\"@context\":\"https:\/\/schema.org\",\"@graph\":[{\"@type\":\"WebPage\",\"@id\":\"https:\/\/lecondudragon.com\/?product=livre-dactivites-pour-marin-deau-douce-numerique\",\"url\":\"https:\/\/lecondudragon.com\/?product=livre-dactivites-pour-marin-deau-douce-numerique\",\"name\":\"Livre d'activit\u00e9s pour marin d'eau douce num\u00e9rique - Editions La Le\u00e7on Du Dragon\",\"isPartOf\":{\"@id\":\"https:\/\/lecondudragon.com\/#website\"},\"primaryImageOfPage\":{\"@id\":\"https:\/\/lecondudragon.com\/?product=livre-dactivites-pour-marin-deau-douce-numerique#primaryimage\"},\"image\":{\"@id\":\"https:\/\/lecondudragon.com\/?product=livre-dactivites-pour-marin-deau-douce-numerique#primaryimage\"},\"thumbnailUrl\":\"https:\/\/lecondudragon.com\/wp-content\/uploads\/2023\/08\/pochette-livre-activite-pour-marin-deau-douce--scaled.jpg\",\"datePublished\":\"2023-08-12T22:29:51+00:00\",\"dateModified\":\"2025-02-08T02:13:09+00:00\",\"description\":\"Livre d'activit\u00e9s pour marin d'eau douce est le un livre contenant plus de 50 activit\u00e9s sur la s\u00e9curit\u00e9 aquatique (id\u00e9al pour enfant de 2 \u00e0 12 ans)\",\"breadcrumb\":{\"@id\":\"https:\/\/lecondudragon.com\/?product=livre-dactivites-pour-marin-deau-douce-numerique#breadcrumb\"},\"inLanguage\":\"fr-FR\",\"potentialAction\":[{\"@type\":\"ReadAction\",\"target\":[\"https:\/\/lecondudragon.com\/?product=livre-dactivites-pour-marin-deau-douce-numerique\"]}]},{\"@type\":\"ImageObject\",\"inLanguage\":\"fr-FR\",\"@id\":\"https:\/\/lecondudragon.com\/?product=livre-dactivites-pour-marin-deau-douce-numerique#primaryimage\",\"url\":\"https:\/\/lecondudragon.com\/wp-content\/uploads\/2023\/08\/pochette-livre-activite-pour-marin-deau-douce--scaled.jpg\",\"contentUrl\":\"https:\/\/lecondudragon.com\/wp-content\/uploads\/2023\/08\/pochette-livre-activite-pour-marin-deau-douce--scaled.jpg\",\"width\":1810,\"height\":2560},{\"@type\":\"BreadcrumbList\",\"@id\":\"https:\/\/lecondudragon.com\/?product=livre-dactivites-pour-marin-deau-douce-numerique#breadcrumb\",\"itemListElement\":[{\"@type\":\"ListItem\",\"position\":1,\"name\":\"Accueil\",\"item\":\"https:\/\/lecondudragon.com\/\"},{\"@type\":\"ListItem\",\"position\":2,\"name\":\"Boutique\",\"item\":\"https:\/\/lecondudragon.com\/?page_id=270\"},{\"@type\":\"ListItem\",\"position\":3,\"name\":\"Livre d&rsquo;activit\u00e9s pour marin d&rsquo;eau douce num\u00e9rique\"}]},{\"@type\":\"WebSite\",\"@id\":\"https:\/\/lecondudragon.com\/#website\",\"url\":\"https:\/\/lecondudragon.com\/\",\"name\":\"Editions La Le\u00e7on Du Dragon\",\"description\":\"Editions La Le\u00e7on Du Dragon\",\"potentialAction\":[{\"@type\":\"SearchAction\",\"target\":{\"@type\":\"EntryPoint\",\"urlTemplate\":\"https:\/\/lecondudragon.com\/?s={search_term_string}\"},\"query-input\":{\"@type\":\"PropertyValueSpecification\",\"valueRequired\":true,\"valueName\":\"search_term_string\"}}],\"inLanguage\":\"fr-FR\"}]}<\/script>\n<!-- \/ Yoast SEO plugin. -->","yoast_head_json":{"title":"Livre d'activit\u00e9s pour marin d'eau douce num\u00e9rique - Editions La Le\u00e7on Du Dragon","description":"Livre d'activit\u00e9s pour marin d'eau douce est le un livre contenant plus de 50 activit\u00e9s sur la s\u00e9curit\u00e9 aquatique (id\u00e9al pour enfant de 2 \u00e0 12 ans)","robots":{"index":"index","follow":"follow","max-snippet":"max-snippet:-1","max-image-preview":"max-image-preview:large","max-video-preview":"max-video-preview:-1"},"canonical":"https:\/\/lecondudragon.com\/?product=livre-dactivites-pour-marin-deau-douce-numerique","og_locale":"fr_FR","og_type":"article","og_title":"Livre d'activit\u00e9s pour marin d'eau douce num\u00e9rique - Editions La Le\u00e7on Du Dragon","og_description":"Livre d'activit\u00e9s pour marin d'eau douce est le un livre contenant plus de 50 activit\u00e9s sur la s\u00e9curit\u00e9 aquatique (id\u00e9al pour enfant de 2 \u00e0 12 ans)","og_url":"https:\/\/lecondudragon.com\/?product=livre-dactivites-pour-marin-deau-douce-numerique","og_site_name":"Editions La Le\u00e7on Du Dragon","article_modified_time":"2025-02-08T02:13:09+00:00","og_image":[{"width":1810,"height":2560,"url":"https:\/\/lecondudragon.com\/wp-content\/uploads\/2023\/08\/pochette-livre-activite-pour-marin-deau-douce--scaled.jpg","type":"image\/jpeg"}],"twitter_card":"summary_large_image","twitter_misc":{"Dur\u00e9e de lecture estim\u00e9e":"1 minute"},"schema":{"@context":"https:\/\/schema.org","@graph":[{"@type":"WebPage","@id":"https:\/\/lecondudragon.com\/?product=livre-dactivites-pour-marin-deau-douce-numerique","url":"https:\/\/lecondudragon.com\/?product=livre-dactivites-pour-marin-deau-douce-numerique","name":"Livre d'activit\u00e9s pour marin d'eau douce num\u00e9rique - Editions La Le\u00e7on Du Dragon","isPartOf":{"@id":"https:\/\/lecondudragon.com\/#website"},"primaryImageOfPage":{"@id":"https:\/\/lecondudragon.com\/?product=livre-dactivites-pour-marin-deau-douce-numerique#primaryimage"},"image":{"@id":"https:\/\/lecondudragon.com\/?product=livre-dactivites-pour-marin-deau-douce-numerique#primaryimage"},"thumbnailUrl":"https:\/\/lecondudragon.com\/wp-content\/uploads\/2023\/08\/pochette-livre-activite-pour-marin-deau-douce--scaled.jpg","datePublished":"2023-08-12T22:29:51+00:00","dateModified":"2025-02-08T02:13:09+00:00","description":"Livre d'activit\u00e9s pour marin d'eau douce est le un livre contenant plus de 50 activit\u00e9s sur la s\u00e9curit\u00e9 aquatique (id\u00e9al pour enfant de 2 \u00e0 12 ans)","breadcrumb":{"@id":"https:\/\/lecondudragon.com\/?product=livre-dactivites-pour-marin-deau-douce-numerique#breadcrumb"},"inLanguage":"fr-FR","potentialAction":[{"@type":"ReadAction","target":["https:\/\/lecondudragon.com\/?product=livre-dactivites-pour-marin-deau-douce-numerique"]}]},{"@type":"ImageObject","inLanguage":"fr-FR","@id":"https:\/\/lecondudragon.com\/?product=livre-dactivites-pour-marin-deau-douce-numerique#primaryimage","url":"https:\/\/lecondudragon.com\/wp-content\/uploads\/2023\/08\/pochette-livre-activite-pour-marin-deau-douce--scaled.jpg","contentUrl":"https:\/\/lecondudragon.com\/wp-content\/uploads\/2023\/08\/pochette-livre-activite-pour-marin-deau-douce--scaled.jpg","width":1810,"height":2560},{"@type":"BreadcrumbList","@id":"https:\/\/lecondudragon.com\/?product=livre-dactivites-pour-marin-deau-douce-numerique#breadcrumb","itemListElement":[{"@type":"ListItem","position":1,"name":"Accueil","item":"https:\/\/lecondudragon.com\/"},{"@type":"ListItem","position":2,"name":"Boutique","item":"https:\/\/lecondudragon.com\/?page_id=270"},{"@type":"ListItem","position":3,"name":"Livre d&rsquo;activit\u00e9s pour marin d&rsquo;eau douce num\u00e9rique"}]},{"@type":"WebSite","@id":"https:\/\/lecondudragon.com\/#website","url":"https:\/\/lecondudragon.com\/","name":"Editions La Le\u00e7on Du Dragon","description":"Editions La Le\u00e7on Du Dragon","potentialAction":[{"@type":"SearchAction","target":{"@type":"EntryPoint","urlTemplate":"https:\/\/lecondudragon.com\/?s={search_term_string}"},"query-input":{"@type":"PropertyValueSpecification","valueRequired":true,"valueName":"search_term_string"}}],"inLanguage":"fr-FR"}]}},"_links":{"self":[{"href":"https:\/\/lecondudragon.com\/index.php?rest_route=\/wp\/v2\/product\/297","targetHints":{"allow":["GET"]}}],"collection":[{"href":"https:\/\/lecondudragon.com\/index.php?rest_route=\/wp\/v2\/product"}],"about":[{"href":"https:\/\/lecondudragon.com\/index.php?rest_route=\/wp\/v2\/types\/product"}],"replies":[{"embeddable":true,"href":"https:\/\/lecondudragon.com\/index.php?rest_route=%2Fwp%2Fv2%2Fcomments&post=297"}],"wp:featuredmedia":[{"embeddable":true,"href":"https:\/\/lecondudragon.com\/index.php?rest_route=\/wp\/v2\/media\/313"}],"wp:attachment":[{"href":"https:\/\/lecondudragon.com\/index.php?rest_route=%2Fwp%2Fv2%2Fmedia&parent=297"}],"wp:term":[{"taxonomy":"product_brand","embeddable":true,"href":"https:\/\/lecondudragon.com\/index.php?rest_route=%2Fwp%2Fv2%2Fproduct_brand&post=297"},{"taxonomy":"product_cat","embeddable":true,"href":"https:\/\/lecondudragon.com\/index.php?rest_route=%2Fwp%2Fv2%2Fproduct_cat&post=297"},{"taxonomy":"product_tag","embeddable":true,"href":"https:\/\/lecondudragon.com\/index.php?rest_route=%2Fwp%2Fv2%2Fproduct_tag&post=297"}],"curies":[{"name":"wp","href":"https:\/\/api.w.org\/{rel}","templated":true}]}}