{"id":389,"date":"2025-02-07T20:57:12","date_gmt":"2025-02-08T01:57:12","guid":{"rendered":"https:\/\/lecondudragon.com\/?post_type=product&#038;p=389"},"modified":"2025-02-07T21:01:44","modified_gmt":"2025-02-08T02:01:44","slug":"livre-dhistoire","status":"publish","type":"product","link":"https:\/\/lecondudragon.com\/?product=livre-dhistoire","title":{"rendered":"Livre d&rsquo;histoire \u00ab\u00a0Petit Pingouin Baignade de la plage \u00e0 la piscine\u00a0\u00bb"},"content":{"rendered":"<p>Livre d&rsquo;histoire de 36 page num\u00e9rique, se divisant en trois histoires:<\/p>\n<p>1) Le ballon: histoire pour conscientiser les enfants \u00e0 avoir un adulte pr\u00e8s d&rsquo;eux lors qu&rsquo;il s&rsquo;approche d&rsquo;une source d&rsquo;eau.<\/p>\n<p>2) La chasse au tr\u00e9sor: sur la baignage loin de la maison au lac par exemple.<\/p>\n<p>3) la baignage a la piscine: sur les r\u00e8gles lors de baignade.<\/p>\n","protected":false},"excerpt":{"rendered":"<p>Livre d&rsquo;histoire de 36 page num\u00e9rique, se divisant en trois histoires:<\/p>\n<p>1) Le ballon: histoire pour conscientiser les enfants \u00e0 avoir un adulte pr\u00e8s d&rsquo;eux lors qu&rsquo;il s&rsquo;approche d&rsquo;une source d&rsquo;eau.<\/p>\n<p>2) La chasse au tr\u00e9sor: sur la baignage loin de la maison au lac par exemple.<\/p>\n<p>3) la baignage a la piscine: sur les r\u00e8gles lors de baignade.<\/p>\n","protected":false},"featured_media":390,"comment_status":"open","ping_status":"closed","template":"","meta":{"_et_pb_use_builder":"","_et_pb_old_content":"","_et_gb_content_width":"","_monsterinsights_skip_tracking":false,"_monsterinsights_sitenote_active":false,"_monsterinsights_sitenote_note":"","_monsterinsights_sitenote_category":0},"product_brand":[],"product_cat":[24],"product_tag":[],"class_list":{"0":"post-389","1":"product","2":"type-product","3":"status-publish","4":"has-post-thumbnail","6":"product_cat-version-papier","8":"first","9":"instock","10":"sale","11":"shipping-taxable","12":"purchasable","13":"product-type-simple"},"yoast_head":"<!-- This site is optimized with the Yoast SEO plugin v27.1.1 - https:\/\/yoast.com\/product\/yoast-seo-wordpress\/ -->\n<title>Livre d&#039;histoire &quot;Petit Pingouin Baignade de la plage \u00e0 la piscine&quot; - Editions La Le\u00e7on Du Dragon<\/title>\n<meta name=\"robots\" content=\"index, follow, max-snippet:-1, max-image-preview:large, max-video-preview:-1\" \/>\n<link rel=\"canonical\" href=\"https:\/\/lecondudragon.com\/?product=livre-dhistoire\" \/>\n<meta property=\"og:locale\" content=\"fr_FR\" \/>\n<meta property=\"og:type\" content=\"article\" \/>\n<meta property=\"og:title\" content=\"Livre d&#039;histoire &quot;Petit Pingouin Baignade de la plage \u00e0 la piscine&quot; - Editions La Le\u00e7on Du Dragon\" \/>\n<meta property=\"og:description\" content=\"Livre d&#039;histoire de 36 page num\u00e9rique, se divisant en trois histoires:  1) Le ballon: histoire pour conscientiser les enfants \u00e0 avoir un adulte pr\u00e8s d&#039;eux lors qu&#039;il s&#039;approche d&#039;une source d&#039;eau.  2) La chasse au tr\u00e9sor: sur la baignage loin de la maison au lac par exemple.  3) la baignage a la piscine: sur les r\u00e8gles lors de baignade.\" \/>\n<meta property=\"og:url\" content=\"https:\/\/lecondudragon.com\/?product=livre-dhistoire\" \/>\n<meta property=\"og:site_name\" content=\"Editions La Le\u00e7on Du Dragon\" \/>\n<meta property=\"article:modified_time\" content=\"2025-02-08T02:01:44+00:00\" \/>\n<meta property=\"og:image\" content=\"https:\/\/lecondudragon.com\/wp-content\/uploads\/2025\/02\/dessus-sans-layer-livre-histoire-securite-eau.jpg\" \/>\n\t<meta property=\"og:image:width\" content=\"2100\" \/>\n\t<meta property=\"og:image:height\" content=\"2550\" \/>\n\t<meta property=\"og:image:type\" content=\"image\/jpeg\" \/>\n<meta name=\"twitter:card\" content=\"summary_large_image\" \/>\n<meta name=\"twitter:label1\" content=\"Dur\u00e9e de lecture estim\u00e9e\" \/>\n\t<meta name=\"twitter:data1\" content=\"1 minute\" \/>\n<script type=\"application\/ld+json\" class=\"yoast-schema-graph\">{\"@context\":\"https:\/\/schema.org\",\"@graph\":[{\"@type\":\"WebPage\",\"@id\":\"https:\/\/lecondudragon.com\/?product=livre-dhistoire\",\"url\":\"https:\/\/lecondudragon.com\/?product=livre-dhistoire\",\"name\":\"Livre d'histoire \\\"Petit Pingouin Baignade de la plage \u00e0 la piscine\\\" - Editions La Le\u00e7on Du Dragon\",\"isPartOf\":{\"@id\":\"https:\/\/lecondudragon.com\/#website\"},\"primaryImageOfPage\":{\"@id\":\"https:\/\/lecondudragon.com\/?product=livre-dhistoire#primaryimage\"},\"image\":{\"@id\":\"https:\/\/lecondudragon.com\/?product=livre-dhistoire#primaryimage\"},\"thumbnailUrl\":\"https:\/\/lecondudragon.com\/wp-content\/uploads\/2025\/02\/dessus-sans-layer-livre-histoire-securite-eau.jpg\",\"datePublished\":\"2025-02-08T01:57:12+00:00\",\"dateModified\":\"2025-02-08T02:01:44+00:00\",\"breadcrumb\":{\"@id\":\"https:\/\/lecondudragon.com\/?product=livre-dhistoire#breadcrumb\"},\"inLanguage\":\"fr-FR\",\"potentialAction\":[{\"@type\":\"ReadAction\",\"target\":[\"https:\/\/lecondudragon.com\/?product=livre-dhistoire\"]}]},{\"@type\":\"ImageObject\",\"inLanguage\":\"fr-FR\",\"@id\":\"https:\/\/lecondudragon.com\/?product=livre-dhistoire#primaryimage\",\"url\":\"https:\/\/lecondudragon.com\/wp-content\/uploads\/2025\/02\/dessus-sans-layer-livre-histoire-securite-eau.jpg\",\"contentUrl\":\"https:\/\/lecondudragon.com\/wp-content\/uploads\/2025\/02\/dessus-sans-layer-livre-histoire-securite-eau.jpg\",\"width\":2100,\"height\":2550},{\"@type\":\"BreadcrumbList\",\"@id\":\"https:\/\/lecondudragon.com\/?product=livre-dhistoire#breadcrumb\",\"itemListElement\":[{\"@type\":\"ListItem\",\"position\":1,\"name\":\"Accueil\",\"item\":\"https:\/\/lecondudragon.com\/\"},{\"@type\":\"ListItem\",\"position\":2,\"name\":\"Boutique\",\"item\":\"https:\/\/lecondudragon.com\/?page_id=270\"},{\"@type\":\"ListItem\",\"position\":3,\"name\":\"Livre d&rsquo;histoire \u00ab\u00a0Petit Pingouin Baignade de la plage \u00e0 la piscine\u00a0\u00bb\"}]},{\"@type\":\"WebSite\",\"@id\":\"https:\/\/lecondudragon.com\/#website\",\"url\":\"https:\/\/lecondudragon.com\/\",\"name\":\"Editions La Le\u00e7on Du Dragon\",\"description\":\"Editions La Le\u00e7on Du Dragon\",\"potentialAction\":[{\"@type\":\"SearchAction\",\"target\":{\"@type\":\"EntryPoint\",\"urlTemplate\":\"https:\/\/lecondudragon.com\/?s={search_term_string}\"},\"query-input\":{\"@type\":\"PropertyValueSpecification\",\"valueRequired\":true,\"valueName\":\"search_term_string\"}}],\"inLanguage\":\"fr-FR\"}]}<\/script>\n<!-- \/ Yoast SEO plugin. -->","yoast_head_json":{"title":"Livre d'histoire \"Petit Pingouin Baignade de la plage \u00e0 la piscine\" - Editions La Le\u00e7on Du Dragon","robots":{"index":"index","follow":"follow","max-snippet":"max-snippet:-1","max-image-preview":"max-image-preview:large","max-video-preview":"max-video-preview:-1"},"canonical":"https:\/\/lecondudragon.com\/?product=livre-dhistoire","og_locale":"fr_FR","og_type":"article","og_title":"Livre d'histoire \"Petit Pingouin Baignade de la plage \u00e0 la piscine\" - Editions La Le\u00e7on Du Dragon","og_description":"Livre d'histoire de 36 page num\u00e9rique, se divisant en trois histoires:  1) Le ballon: histoire pour conscientiser les enfants \u00e0 avoir un adulte pr\u00e8s d'eux lors qu'il s'approche d'une source d'eau.  2) La chasse au tr\u00e9sor: sur la baignage loin de la maison au lac par exemple.  3) la baignage a la piscine: sur les r\u00e8gles lors de baignade.","og_url":"https:\/\/lecondudragon.com\/?product=livre-dhistoire","og_site_name":"Editions La Le\u00e7on Du Dragon","article_modified_time":"2025-02-08T02:01:44+00:00","og_image":[{"width":2100,"height":2550,"url":"https:\/\/lecondudragon.com\/wp-content\/uploads\/2025\/02\/dessus-sans-layer-livre-histoire-securite-eau.jpg","type":"image\/jpeg"}],"twitter_card":"summary_large_image","twitter_misc":{"Dur\u00e9e de lecture estim\u00e9e":"1 minute"},"schema":{"@context":"https:\/\/schema.org","@graph":[{"@type":"WebPage","@id":"https:\/\/lecondudragon.com\/?product=livre-dhistoire","url":"https:\/\/lecondudragon.com\/?product=livre-dhistoire","name":"Livre d'histoire \"Petit Pingouin Baignade de la plage \u00e0 la piscine\" - Editions La Le\u00e7on Du Dragon","isPartOf":{"@id":"https:\/\/lecondudragon.com\/#website"},"primaryImageOfPage":{"@id":"https:\/\/lecondudragon.com\/?product=livre-dhistoire#primaryimage"},"image":{"@id":"https:\/\/lecondudragon.com\/?product=livre-dhistoire#primaryimage"},"thumbnailUrl":"https:\/\/lecondudragon.com\/wp-content\/uploads\/2025\/02\/dessus-sans-layer-livre-histoire-securite-eau.jpg","datePublished":"2025-02-08T01:57:12+00:00","dateModified":"2025-02-08T02:01:44+00:00","breadcrumb":{"@id":"https:\/\/lecondudragon.com\/?product=livre-dhistoire#breadcrumb"},"inLanguage":"fr-FR","potentialAction":[{"@type":"ReadAction","target":["https:\/\/lecondudragon.com\/?product=livre-dhistoire"]}]},{"@type":"ImageObject","inLanguage":"fr-FR","@id":"https:\/\/lecondudragon.com\/?product=livre-dhistoire#primaryimage","url":"https:\/\/lecondudragon.com\/wp-content\/uploads\/2025\/02\/dessus-sans-layer-livre-histoire-securite-eau.jpg","contentUrl":"https:\/\/lecondudragon.com\/wp-content\/uploads\/2025\/02\/dessus-sans-layer-livre-histoire-securite-eau.jpg","width":2100,"height":2550},{"@type":"BreadcrumbList","@id":"https:\/\/lecondudragon.com\/?product=livre-dhistoire#breadcrumb","itemListElement":[{"@type":"ListItem","position":1,"name":"Accueil","item":"https:\/\/lecondudragon.com\/"},{"@type":"ListItem","position":2,"name":"Boutique","item":"https:\/\/lecondudragon.com\/?page_id=270"},{"@type":"ListItem","position":3,"name":"Livre d&rsquo;histoire \u00ab\u00a0Petit Pingouin Baignade de la plage \u00e0 la piscine\u00a0\u00bb"}]},{"@type":"WebSite","@id":"https:\/\/lecondudragon.com\/#website","url":"https:\/\/lecondudragon.com\/","name":"Editions La Le\u00e7on Du Dragon","description":"Editions La Le\u00e7on Du Dragon","potentialAction":[{"@type":"SearchAction","target":{"@type":"EntryPoint","urlTemplate":"https:\/\/lecondudragon.com\/?s={search_term_string}"},"query-input":{"@type":"PropertyValueSpecification","valueRequired":true,"valueName":"search_term_string"}}],"inLanguage":"fr-FR"}]}},"_links":{"self":[{"href":"https:\/\/lecondudragon.com\/index.php?rest_route=\/wp\/v2\/product\/389","targetHints":{"allow":["GET"]}}],"collection":[{"href":"https:\/\/lecondudragon.com\/index.php?rest_route=\/wp\/v2\/product"}],"about":[{"href":"https:\/\/lecondudragon.com\/index.php?rest_route=\/wp\/v2\/types\/product"}],"replies":[{"embeddable":true,"href":"https:\/\/lecondudragon.com\/index.php?rest_route=%2Fwp%2Fv2%2Fcomments&post=389"}],"wp:featuredmedia":[{"embeddable":true,"href":"https:\/\/lecondudragon.com\/index.php?rest_route=\/wp\/v2\/media\/390"}],"wp:attachment":[{"href":"https:\/\/lecondudragon.com\/index.php?rest_route=%2Fwp%2Fv2%2Fmedia&parent=389"}],"wp:term":[{"taxonomy":"product_brand","embeddable":true,"href":"https:\/\/lecondudragon.com\/index.php?rest_route=%2Fwp%2Fv2%2Fproduct_brand&post=389"},{"taxonomy":"product_cat","embeddable":true,"href":"https:\/\/lecondudragon.com\/index.php?rest_route=%2Fwp%2Fv2%2Fproduct_cat&post=389"},{"taxonomy":"product_tag","embeddable":true,"href":"https:\/\/lecondudragon.com\/index.php?rest_route=%2Fwp%2Fv2%2Fproduct_tag&post=389"}],"curies":[{"name":"wp","href":"https:\/\/api.w.org\/{rel}","templated":true}]}}